{"id":993,"date":"2024-09-23T19:12:37","date_gmt":"2024-09-23T16:12:37","guid":{"rendered":"https:\/\/tubliteraapia.com\/work-with-me\/"},"modified":"2025-04-19T16:08:53","modified_gmt":"2025-04-19T13:08:53","slug":"tolke-teenus","status":"publish","type":"page","link":"https:\/\/tubliteraapia.com\/est\/tolke-teenus\/","title":{"rendered":"T\u00f5lketeenus"},"content":{"rendered":"\t\t<div data-elementor-type=\"wp-post\" data-elementor-id=\"993\" class=\"elementor elementor-993\">\n\t\t\t\t<div class=\"elementor-element elementor-element-a8ea55c e-grid e-con-boxed e-con e-parent\" data-id=\"a8ea55c\" data-element_type=\"container\" data-e-type=\"container\" data-settings=\"{&quot;background_background&quot;:&quot;classic&quot;,&quot;shape_divider_bottom&quot;:&quot;mountains&quot;}\">\n\t\t\t\t\t<div class=\"e-con-inner\">\n\t\t\t\t<div class=\"elementor-shape elementor-shape-bottom\" aria-hidden=\"true\" data-negative=\"false\">\n\t\t\t<svg xmlns=\"http:\/\/www.w3.org\/2000\/svg\" viewBox=\"0 0 1000 100\" preserveAspectRatio=\"none\">\n\t<path class=\"elementor-shape-fill\" opacity=\"0.33\" d=\"M473,67.3c-203.9,88.3-263.1-34-320.3,0C66,119.1,0,59.7,0,59.7V0h1000v59.7 c0,0-62.1,26.1-94.9,29.3c-32.8,3.3-62.8-12.3-75.8-22.1C806,49.6,745.3,8.7,694.9,4.7S492.4,59,473,67.3z\"\/>\n\t<path class=\"elementor-shape-fill\" opacity=\"0.66\" d=\"M734,67.3c-45.5,0-77.2-23.2-129.1-39.1c-28.6-8.7-150.3-10.1-254,39.1 s-91.7-34.4-149.2,0C115.7,118.3,0,39.8,0,39.8V0h1000v36.5c0,0-28.2-18.5-92.1-18.5C810.2,18.1,775.7,67.3,734,67.3z\"\/>\n\t<path class=\"elementor-shape-fill\" d=\"M766.1,28.9c-200-57.5-266,65.5-395.1,19.5C242,1.8,242,5.4,184.8,20.6C128,35.8,132.3,44.9,89.9,52.5C28.6,63.7,0,0,0,0 h1000c0,0-9.9,40.9-83.6,48.1S829.6,47,766.1,28.9z\"\/>\n<\/svg>\t\t<\/div>\n\t\t\t\t<div class=\"elementor-element elementor-element-1f55007 elementor-widget elementor-widget-heading\" data-id=\"1f55007\" data-element_type=\"widget\" data-e-type=\"widget\" data-widget_type=\"heading.default\">\n\t\t\t\t<div class=\"elementor-widget-container\">\n\t\t\t\t\t<h1 class=\"elementor-heading-title elementor-size-default\">T\u00f5lketeenus<\/h1>\t\t\t\t<\/div>\n\t\t\t\t<\/div>\n\t\t\t\t\t<\/div>\n\t\t\t\t<\/div>\n\t\t<div class=\"elementor-element elementor-element-09f7ebc e-flex e-con-boxed e-con e-parent\" data-id=\"09f7ebc\" data-element_type=\"container\" data-e-type=\"container\">\n\t\t\t\t\t<div class=\"e-con-inner\">\n\t\t<div class=\"elementor-element elementor-element-a01e883 e-con-full e-flex e-con e-child\" data-id=\"a01e883\" data-element_type=\"container\" data-e-type=\"container\">\n\t\t<div class=\"elementor-element elementor-element-bc70914 e-con-full e-flex e-con e-child\" data-id=\"bc70914\" data-element_type=\"container\" data-e-type=\"container\">\n\t\t\t\t<div class=\"elementor-element elementor-element-23d19df elementor-widget elementor-widget-heading\" data-id=\"23d19df\" data-element_type=\"widget\" data-e-type=\"widget\" data-widget_type=\"heading.default\">\n\t\t\t\t<div class=\"elementor-widget-container\">\n\t\t\t\t\t<h2 class=\"elementor-heading-title elementor-size-default\">Inglise-eesti t\u00f5lge seminaridele ja koolitustele<\/h2>\t\t\t\t<\/div>\n\t\t\t\t<\/div>\n\t\t\t\t<div class=\"elementor-element elementor-element-1f34c72 elementor-icon-list--layout-traditional elementor-list-item-link-full_width elementor-widget elementor-widget-icon-list\" data-id=\"1f34c72\" data-element_type=\"widget\" data-e-type=\"widget\" data-widget_type=\"icon-list.default\">\n\t\t\t\t<div class=\"elementor-widget-container\">\n\t\t\t\t\t\t\t<ul class=\"elementor-icon-list-items\">\n\t\t\t\t\t\t\t<li class=\"elementor-icon-list-item\">\n\t\t\t\t\t\t\t\t\t\t\t<span class=\"elementor-icon-list-icon\">\n\t\t\t\t\t\t\t<i aria-hidden=\"true\" class=\"fas fa-euro-sign\"><\/i>\t\t\t\t\t\t<\/span>\n\t\t\t\t\t\t\t\t\t\t<span class=\"elementor-icon-list-text\">Hind: kokkuleppel<\/span>\n\t\t\t\t\t\t\t\t\t<\/li>\n\t\t\t\t\t\t\t\t<li class=\"elementor-icon-list-item\">\n\t\t\t\t\t\t\t\t\t\t\t<span class=\"elementor-icon-list-icon\">\n\t\t\t\t\t\t\t<i aria-hidden=\"true\" class=\"fas fa-clock\"><\/i>\t\t\t\t\t\t<\/span>\n\t\t\t\t\t\t\t\t\t\t<span class=\"elementor-icon-list-text\">Kestvus: kokkuleppel<\/span>\n\t\t\t\t\t\t\t\t\t<\/li>\n\t\t\t\t\t\t\t\t<li class=\"elementor-icon-list-item\">\n\t\t\t\t\t\t\t\t\t\t\t<span class=\"elementor-icon-list-icon\">\n\t\t\t\t\t\t\t<i aria-hidden=\"true\" class=\"fas fa-location-arrow\"><\/i>\t\t\t\t\t\t<\/span>\n\t\t\t\t\t\t\t\t\t\t<span class=\"elementor-icon-list-text\">Asukoht: kokkuleppel<\/span>\n\t\t\t\t\t\t\t\t\t<\/li>\n\t\t\t\t\t\t<\/ul>\n\t\t\t\t\t\t<\/div>\n\t\t\t\t<\/div>\n\t\t\t\t<\/div>\n\t\t<div class=\"elementor-element elementor-element-4e3a3c4 e-con-full e-flex e-con e-child\" data-id=\"4e3a3c4\" data-element_type=\"container\" data-e-type=\"container\">\n\t\t\t\t<div class=\"elementor-element elementor-element-82eb06f elementor-widget elementor-widget-heading\" data-id=\"82eb06f\" data-element_type=\"widget\" data-e-type=\"widget\" data-widget_type=\"heading.default\">\n\t\t\t\t<div class=\"elementor-widget-container\">\n\t\t\t\t\t<h5 class=\"elementor-heading-title elementor-size-default\">Aja broneerimiseks<\/h5>\t\t\t\t<\/div>\n\t\t\t\t<\/div>\n\t\t\t\t<div class=\"elementor-element elementor-element-01c258e elementor-widget elementor-widget-button\" data-id=\"01c258e\" data-element_type=\"widget\" data-e-type=\"widget\" data-widget_type=\"button.default\">\n\t\t\t\t<div class=\"elementor-widget-container\">\n\t\t\t\t\t\t\t\t\t<div class=\"elementor-button-wrapper\">\n\t\t\t\t\t<a class=\"elementor-button elementor-button-link elementor-size-sm\" href=\"https:\/\/tubliteraapia.com\/kontakt\/\">\n\t\t\t\t\t\t<span class=\"elementor-button-content-wrapper\">\n\t\t\t\t\t\t\t\t\t<span class=\"elementor-button-text\">V\u00f5ta \u00fchendust<\/span>\n\t\t\t\t\t<\/span>\n\t\t\t\t\t<\/a>\n\t\t\t\t<\/div>\n\t\t\t\t\t\t\t\t<\/div>\n\t\t\t\t<\/div>\n\t\t\t\t<\/div>\n\t\t\t\t<\/div>\n\t\t<div class=\"elementor-element elementor-element-13bd1f7 e-con-full e-flex e-con e-child\" data-id=\"13bd1f7\" data-element_type=\"container\" data-e-type=\"container\">\n\t\t\t\t<div class=\"elementor-element elementor-element-50cd3b8 elementor-widget elementor-widget-text-editor\" data-id=\"50cd3b8\" data-element_type=\"widget\" data-e-type=\"widget\" data-widget_type=\"text-editor.default\">\n\t\t\t\t<div class=\"elementor-widget-container\">\n\t\t\t\t\t\t\t\t\t<p>Kutsu mind t\u00f5lkima seminaridele, s\u00fcndmustele v\u00f5i konstellatsiooni t\u00f6\u00f6tubadesse. T\u00f5lgin reaalajas, et tagada selge ja t\u00f5hus suhtlus k\u00f5igile osalejatele.<\/p><p>Olen pakkunud professionaalseid t\u00f5lketeenuseid alates 2021. aastast. Keskendun teraapia valdkonnale, pakkudes s\u00fcnkroont\u00f5lget reaalajas. Olgu selleks transpersonaalne teraapia, keha-ps\u00fchhoteraapia, pereteraapia, konstellatsioonid v\u00f5i seminarid.<\/p><p>Minu eesm\u00e4rk on tagada s\u00fcndmuse protsessi sujuvus ja selge suhtlus k\u00f5ikide osalejate vahel s\u00e4ilitades konteksti. Arvestan alati kultuuriliste erip\u00e4rade ja tundlikkusega. T\u00f5lget teostan eesti \u2013 inglise keele vahel.<\/p><p>Kui korraldate koolitust, seminari v\u00f5i s\u00fcndmust, mis vajab t\u00f5lketeenust, siis v\u00f5ta julgelt \u00fchendust. Arutame sinu vajadusi ja lepime kokku sobivad tingimused.<\/p>\t\t\t\t\t\t\t\t<\/div>\n\t\t\t\t<\/div>\n\t\t\t\t<\/div>\n\t\t\t\t\t<\/div>\n\t\t\t\t<\/div>\n\t\t<div class=\"elementor-element elementor-element-631ecb6 e-flex e-con-boxed e-con e-parent\" data-id=\"631ecb6\" data-element_type=\"container\" data-e-type=\"container\">\n\t\t\t\t\t<div class=\"e-con-inner\">\n\t\t\t\t<div class=\"elementor-element elementor-element-56e1e61 elementor-widget elementor-widget-spacer\" data-id=\"56e1e61\" data-element_type=\"widget\" data-e-type=\"widget\" data-widget_type=\"spacer.default\">\n\t\t\t\t<div class=\"elementor-widget-container\">\n\t\t\t\t\t\t\t<div class=\"elementor-spacer\">\n\t\t\t<div class=\"elementor-spacer-inner\"><\/div>\n\t\t<\/div>\n\t\t\t\t\t\t<\/div>\n\t\t\t\t<\/div>\n\t\t\t\t\t<\/div>\n\t\t\t\t<\/div>\n\t\t<div class=\"elementor-element elementor-element-97d78af e-flex e-con-boxed e-con e-parent\" data-id=\"97d78af\" data-element_type=\"container\" data-e-type=\"container\" data-settings=\"{&quot;shape_divider_bottom&quot;:&quot;mountains&quot;}\">\n\t\t\t\t\t<div class=\"e-con-inner\">\n\t\t\t\t<div class=\"elementor-shape elementor-shape-bottom\" aria-hidden=\"true\" data-negative=\"false\">\n\t\t\t<svg xmlns=\"http:\/\/www.w3.org\/2000\/svg\" viewBox=\"0 0 1000 100\" preserveAspectRatio=\"none\">\n\t<path class=\"elementor-shape-fill\" opacity=\"0.33\" d=\"M473,67.3c-203.9,88.3-263.1-34-320.3,0C66,119.1,0,59.7,0,59.7V0h1000v59.7 c0,0-62.1,26.1-94.9,29.3c-32.8,3.3-62.8-12.3-75.8-22.1C806,49.6,745.3,8.7,694.9,4.7S492.4,59,473,67.3z\"\/>\n\t<path class=\"elementor-shape-fill\" opacity=\"0.66\" d=\"M734,67.3c-45.5,0-77.2-23.2-129.1-39.1c-28.6-8.7-150.3-10.1-254,39.1 s-91.7-34.4-149.2,0C115.7,118.3,0,39.8,0,39.8V0h1000v36.5c0,0-28.2-18.5-92.1-18.5C810.2,18.1,775.7,67.3,734,67.3z\"\/>\n\t<path class=\"elementor-shape-fill\" d=\"M766.1,28.9c-200-57.5-266,65.5-395.1,19.5C242,1.8,242,5.4,184.8,20.6C128,35.8,132.3,44.9,89.9,52.5C28.6,63.7,0,0,0,0 h1000c0,0-9.9,40.9-83.6,48.1S829.6,47,766.1,28.9z\"\/>\n<\/svg>\t\t<\/div>\n\t\t\t\t\t<\/div>\n\t\t\t\t<\/div>\n\t\t\t\t<\/div>\n\t\t","protected":false},"excerpt":{"rendered":"<p>T\u00f5lketeenus Inglise-eesti t\u00f5lge seminaridele ja koolitustele Hind: kokkuleppel Kestvus: kokkuleppel Asukoht: kokkuleppel Aja broneerimiseks V\u00f5ta \u00fchendust Kutsu mind t\u00f5lkima seminaridele, s\u00fcndmustele v\u00f5i konstellatsiooni t\u00f6\u00f6tubadesse. T\u00f5lgin reaalajas, et tagada selge ja t\u00f5hus suhtlus k\u00f5igile osalejatele. Olen pakkunud professionaalseid t\u00f5lketeenuseid alates 2021. aastast. Keskendun teraapia valdkonnale, pakkudes s\u00fcnkroont\u00f5lget reaalajas. Olgu selleks transpersonaalne teraapia, keha-ps\u00fchhoteraapia, pereteraapia, konstellatsioonid v\u00f5i [&hellip;]<\/p>\n","protected":false},"author":1,"featured_media":2493,"parent":0,"menu_order":0,"comment_status":"closed","ping_status":"closed","template":"","meta":{"site-sidebar-layout":"no-sidebar","site-content-layout":"page-builder","ast-site-content-layout":"full-width-container","site-content-style":"unboxed","site-sidebar-style":"unboxed","ast-global-header-display":"","ast-banner-title-visibility":"","ast-main-header-display":"","ast-hfb-above-header-display":"","ast-hfb-below-header-display":"","ast-hfb-mobile-header-display":"","site-post-title":"disabled","ast-breadcrumbs-content":"","ast-featured-img":"disabled","footer-sml-layout":"","ast-disable-related-posts":"","theme-transparent-header-meta":"default","adv-header-id-meta":"","stick-header-meta":"","header-above-stick-meta":"","header-main-stick-meta":"","header-below-stick-meta":"","astra-migrate-meta-layouts":"set","ast-page-background-enabled":"default","ast-page-background-meta":{"desktop":{"background-color":"","background-image":"","background-repeat":"repeat","background-position":"center center","background-size":"auto","background-attachment":"scroll","background-type":"","background-media":"","overlay-type":"","overlay-color":"","overlay-opacity":"","overlay-gradient":""},"tablet":{"background-color":"","background-image":"","background-repeat":"repeat","background-position":"center center","background-size":"auto","background-attachment":"scroll","background-type":"","background-media":"","overlay-type":"","overlay-color":"","overlay-opacity":"","overlay-gradient":""},"mobile":{"background-color":"","background-image":"","background-repeat":"repeat","background-position":"center center","background-size":"auto","background-attachment":"scroll","background-type":"","background-media":"","overlay-type":"","overlay-color":"","overlay-opacity":"","overlay-gradient":""}},"ast-content-background-meta":{"desktop":{"background-color":"var(--ast-global-color-5)","background-image":"","background-repeat":"repeat","background-position":"center center","background-size":"auto","background-attachment":"scroll","background-type":"","background-media":"","overlay-type":"","overlay-color":"","overlay-opacity":"","overlay-gradient":""},"tablet":{"background-color":"var(--ast-global-color-5)","background-image":"","background-repeat":"repeat","background-position":"center center","background-size":"auto","background-attachment":"scroll","background-type":"","background-media":"","overlay-type":"","overlay-color":"","overlay-opacity":"","overlay-gradient":""},"mobile":{"background-color":"var(--ast-global-color-5)","background-image":"","background-repeat":"repeat","background-position":"center center","background-size":"auto","background-attachment":"scroll","background-type":"","background-media":"","overlay-type":"","overlay-color":"","overlay-opacity":"","overlay-gradient":""}},"footnotes":""},"class_list":["post-993","page","type-page","status-publish","has-post-thumbnail","hentry"],"yoast_head":"<!-- This site is optimized with the Yoast SEO plugin v27.5 - https:\/\/yoast.com\/product\/yoast-seo-wordpress\/ -->\n<title>T\u00f5lketeenus | Jaana Tubli<\/title>\n<meta name=\"description\" content=\"T\u00f5lketeenus seminaridele, s\u00fcndmustele v\u00f5i konstellatsiooni t\u00f6\u00f6tubadesse. T\u00f5lgin reaalajas, et tagada selge ja t\u00f5hus suhtlus osalejatele.\" \/>\n<meta name=\"robots\" content=\"index, follow, max-snippet:-1, max-image-preview:large, max-video-preview:-1\" \/>\n<link rel=\"canonical\" href=\"https:\/\/tubliteraapia.com\/est\/tolke-teenus\/\" \/>\n<meta property=\"og:locale\" content=\"et_EE\" \/>\n<meta property=\"og:type\" content=\"article\" \/>\n<meta property=\"og:title\" content=\"T\u00f5lketeenus | Jaana Tubli\" \/>\n<meta property=\"og:description\" content=\"T\u00f5lketeenus seminaridele, s\u00fcndmustele v\u00f5i konstellatsiooni t\u00f6\u00f6tubadesse. T\u00f5lgin reaalajas, et tagada selge ja t\u00f5hus suhtlus osalejatele.\" \/>\n<meta property=\"og:url\" content=\"https:\/\/tubliteraapia.com\/est\/tolke-teenus\/\" \/>\n<meta property=\"og:site_name\" content=\"Jaana Tubli\" \/>\n<meta property=\"article:modified_time\" content=\"2025-04-19T13:08:53+00:00\" \/>\n<meta property=\"og:image\" content=\"https:\/\/tubliteraapia.com\/wp-content\/uploads\/2024\/12\/JaanaTubli2201-scaled.jpg\" \/>\n\t<meta property=\"og:image:width\" content=\"1920\" \/>\n\t<meta property=\"og:image:height\" content=\"2560\" \/>\n\t<meta property=\"og:image:type\" content=\"image\/jpeg\" \/>\n<meta name=\"twitter:card\" content=\"summary_large_image\" \/>\n<meta name=\"twitter:label1\" content=\"Est. reading time\" \/>\n\t<meta name=\"twitter:data1\" content=\"1 minut\" \/>\n<script type=\"application\/ld+json\" class=\"yoast-schema-graph\">{\"@context\":\"https:\\\/\\\/schema.org\",\"@graph\":[{\"@type\":\"WebPage\",\"@id\":\"https:\\\/\\\/tubliteraapia.com\\\/tolke-teenus\\\/\",\"url\":\"https:\\\/\\\/tubliteraapia.com\\\/tolke-teenus\\\/\",\"name\":\"T\u00f5lketeenus | Jaana Tubli\",\"isPartOf\":{\"@id\":\"https:\\\/\\\/tubliteraapia.com\\\/#website\"},\"primaryImageOfPage\":{\"@id\":\"https:\\\/\\\/tubliteraapia.com\\\/tolke-teenus\\\/#primaryimage\"},\"image\":{\"@id\":\"https:\\\/\\\/tubliteraapia.com\\\/tolke-teenus\\\/#primaryimage\"},\"thumbnailUrl\":\"https:\\\/\\\/tubliteraapia.com\\\/wp-content\\\/uploads\\\/2024\\\/12\\\/JaanaTubli2201-scaled.jpg\",\"datePublished\":\"2024-09-23T16:12:37+00:00\",\"dateModified\":\"2025-04-19T13:08:53+00:00\",\"description\":\"T\u00f5lketeenus seminaridele, s\u00fcndmustele v\u00f5i konstellatsiooni t\u00f6\u00f6tubadesse. T\u00f5lgin reaalajas, et tagada selge ja t\u00f5hus suhtlus osalejatele.\",\"breadcrumb\":{\"@id\":\"https:\\\/\\\/tubliteraapia.com\\\/tolke-teenus\\\/#breadcrumb\"},\"inLanguage\":\"et\",\"potentialAction\":[{\"@type\":\"ReadAction\",\"target\":[\"https:\\\/\\\/tubliteraapia.com\\\/tolke-teenus\\\/\"]}]},{\"@type\":\"ImageObject\",\"inLanguage\":\"et\",\"@id\":\"https:\\\/\\\/tubliteraapia.com\\\/tolke-teenus\\\/#primaryimage\",\"url\":\"https:\\\/\\\/tubliteraapia.com\\\/wp-content\\\/uploads\\\/2024\\\/12\\\/JaanaTubli2201-scaled.jpg\",\"contentUrl\":\"https:\\\/\\\/tubliteraapia.com\\\/wp-content\\\/uploads\\\/2024\\\/12\\\/JaanaTubli2201-scaled.jpg\",\"width\":1920,\"height\":2560,\"caption\":\"Pildil kehaterapeut ja osteopaat Jaana Tubli.\"},{\"@type\":\"BreadcrumbList\",\"@id\":\"https:\\\/\\\/tubliteraapia.com\\\/tolke-teenus\\\/#breadcrumb\",\"itemListElement\":[{\"@type\":\"ListItem\",\"position\":1,\"name\":\"Home\",\"item\":\"https:\\\/\\\/tubliteraapia.com\\\/est\\\/\"},{\"@type\":\"ListItem\",\"position\":2,\"name\":\"T\u00f5lketeenus\"}]},{\"@type\":\"WebSite\",\"@id\":\"https:\\\/\\\/tubliteraapia.com\\\/#website\",\"url\":\"https:\\\/\\\/tubliteraapia.com\\\/\",\"name\":\"Jaana Tubli\",\"description\":\"Transpersonaalne kehateraapia ja osteopaatia\",\"potentialAction\":[{\"@type\":\"SearchAction\",\"target\":{\"@type\":\"EntryPoint\",\"urlTemplate\":\"https:\\\/\\\/tubliteraapia.com\\\/?s={search_term_string}\"},\"query-input\":{\"@type\":\"PropertyValueSpecification\",\"valueRequired\":true,\"valueName\":\"search_term_string\"}}],\"inLanguage\":\"et\"}]}<\/script>\n<!-- \/ Yoast SEO plugin. -->","yoast_head_json":{"title":"T\u00f5lketeenus | Jaana Tubli","description":"T\u00f5lketeenus seminaridele, s\u00fcndmustele v\u00f5i konstellatsiooni t\u00f6\u00f6tubadesse. T\u00f5lgin reaalajas, et tagada selge ja t\u00f5hus suhtlus osalejatele.","robots":{"index":"index","follow":"follow","max-snippet":"max-snippet:-1","max-image-preview":"max-image-preview:large","max-video-preview":"max-video-preview:-1"},"canonical":"https:\/\/tubliteraapia.com\/est\/tolke-teenus\/","og_locale":"et_EE","og_type":"article","og_title":"T\u00f5lketeenus | Jaana Tubli","og_description":"T\u00f5lketeenus seminaridele, s\u00fcndmustele v\u00f5i konstellatsiooni t\u00f6\u00f6tubadesse. T\u00f5lgin reaalajas, et tagada selge ja t\u00f5hus suhtlus osalejatele.","og_url":"https:\/\/tubliteraapia.com\/est\/tolke-teenus\/","og_site_name":"Jaana Tubli","article_modified_time":"2025-04-19T13:08:53+00:00","og_image":[{"width":1920,"height":2560,"url":"https:\/\/tubliteraapia.com\/wp-content\/uploads\/2024\/12\/JaanaTubli2201-scaled.jpg","type":"image\/jpeg"}],"twitter_card":"summary_large_image","twitter_misc":{"Est. reading time":"1 minut"},"schema":{"@context":"https:\/\/schema.org","@graph":[{"@type":"WebPage","@id":"https:\/\/tubliteraapia.com\/tolke-teenus\/","url":"https:\/\/tubliteraapia.com\/tolke-teenus\/","name":"T\u00f5lketeenus | Jaana Tubli","isPartOf":{"@id":"https:\/\/tubliteraapia.com\/#website"},"primaryImageOfPage":{"@id":"https:\/\/tubliteraapia.com\/tolke-teenus\/#primaryimage"},"image":{"@id":"https:\/\/tubliteraapia.com\/tolke-teenus\/#primaryimage"},"thumbnailUrl":"https:\/\/tubliteraapia.com\/wp-content\/uploads\/2024\/12\/JaanaTubli2201-scaled.jpg","datePublished":"2024-09-23T16:12:37+00:00","dateModified":"2025-04-19T13:08:53+00:00","description":"T\u00f5lketeenus seminaridele, s\u00fcndmustele v\u00f5i konstellatsiooni t\u00f6\u00f6tubadesse. T\u00f5lgin reaalajas, et tagada selge ja t\u00f5hus suhtlus osalejatele.","breadcrumb":{"@id":"https:\/\/tubliteraapia.com\/tolke-teenus\/#breadcrumb"},"inLanguage":"et","potentialAction":[{"@type":"ReadAction","target":["https:\/\/tubliteraapia.com\/tolke-teenus\/"]}]},{"@type":"ImageObject","inLanguage":"et","@id":"https:\/\/tubliteraapia.com\/tolke-teenus\/#primaryimage","url":"https:\/\/tubliteraapia.com\/wp-content\/uploads\/2024\/12\/JaanaTubli2201-scaled.jpg","contentUrl":"https:\/\/tubliteraapia.com\/wp-content\/uploads\/2024\/12\/JaanaTubli2201-scaled.jpg","width":1920,"height":2560,"caption":"Pildil kehaterapeut ja osteopaat Jaana Tubli."},{"@type":"BreadcrumbList","@id":"https:\/\/tubliteraapia.com\/tolke-teenus\/#breadcrumb","itemListElement":[{"@type":"ListItem","position":1,"name":"Home","item":"https:\/\/tubliteraapia.com\/est\/"},{"@type":"ListItem","position":2,"name":"T\u00f5lketeenus"}]},{"@type":"WebSite","@id":"https:\/\/tubliteraapia.com\/#website","url":"https:\/\/tubliteraapia.com\/","name":"Jaana Tubli","description":"Transpersonaalne kehateraapia ja osteopaatia","potentialAction":[{"@type":"SearchAction","target":{"@type":"EntryPoint","urlTemplate":"https:\/\/tubliteraapia.com\/?s={search_term_string}"},"query-input":{"@type":"PropertyValueSpecification","valueRequired":true,"valueName":"search_term_string"}}],"inLanguage":"et"}]}},"_links":{"self":[{"href":"https:\/\/tubliteraapia.com\/est\/wp-json\/wp\/v2\/pages\/993","targetHints":{"allow":["GET"]}}],"collection":[{"href":"https:\/\/tubliteraapia.com\/est\/wp-json\/wp\/v2\/pages"}],"about":[{"href":"https:\/\/tubliteraapia.com\/est\/wp-json\/wp\/v2\/types\/page"}],"author":[{"embeddable":true,"href":"https:\/\/tubliteraapia.com\/est\/wp-json\/wp\/v2\/users\/1"}],"replies":[{"embeddable":true,"href":"https:\/\/tubliteraapia.com\/est\/wp-json\/wp\/v2\/comments?post=993"}],"version-history":[{"count":130,"href":"https:\/\/tubliteraapia.com\/est\/wp-json\/wp\/v2\/pages\/993\/revisions"}],"predecessor-version":[{"id":2876,"href":"https:\/\/tubliteraapia.com\/est\/wp-json\/wp\/v2\/pages\/993\/revisions\/2876"}],"wp:featuredmedia":[{"embeddable":true,"href":"https:\/\/tubliteraapia.com\/est\/wp-json\/wp\/v2\/media\/2493"}],"wp:attachment":[{"href":"https:\/\/tubliteraapia.com\/est\/wp-json\/wp\/v2\/media?parent=993"}],"curies":[{"name":"wp","href":"https:\/\/api.w.org\/{rel}","templated":true}]}}