{"id":2934,"date":"2025-04-21T12:13:24","date_gmt":"2025-04-21T09:13:24","guid":{"rendered":"https:\/\/tubliteraapia.com\/?page_id=2934"},"modified":"2026-04-29T22:17:57","modified_gmt":"2026-04-29T19:17:57","slug":"teekond-kehasse-jatkuseanss","status":"publish","type":"page","link":"https:\/\/tubliteraapia.com\/est\/teekond-kehasse-jatkuseanss\/","title":{"rendered":"Teekond kehasse \u2013 j\u00e4tkuseanss"},"content":{"rendered":"\t\t<div data-elementor-type=\"wp-post\" data-elementor-id=\"2934\" class=\"elementor elementor-2934\">\n\t\t\t\t<div class=\"elementor-element elementor-element-ec6f7ea e-grid e-con-boxed e-con e-parent\" data-id=\"ec6f7ea\" data-element_type=\"container\" data-e-type=\"container\" data-settings=\"{&quot;background_background&quot;:&quot;classic&quot;,&quot;shape_divider_bottom&quot;:&quot;mountains&quot;}\">\n\t\t\t\t\t<div class=\"e-con-inner\">\n\t\t\t\t<div class=\"elementor-shape elementor-shape-bottom\" aria-hidden=\"true\" data-negative=\"false\">\n\t\t\t<svg xmlns=\"http:\/\/www.w3.org\/2000\/svg\" viewBox=\"0 0 1000 100\" preserveAspectRatio=\"none\">\n\t<path class=\"elementor-shape-fill\" opacity=\"0.33\" d=\"M473,67.3c-203.9,88.3-263.1-34-320.3,0C66,119.1,0,59.7,0,59.7V0h1000v59.7 c0,0-62.1,26.1-94.9,29.3c-32.8,3.3-62.8-12.3-75.8-22.1C806,49.6,745.3,8.7,694.9,4.7S492.4,59,473,67.3z\"\/>\n\t<path class=\"elementor-shape-fill\" opacity=\"0.66\" d=\"M734,67.3c-45.5,0-77.2-23.2-129.1-39.1c-28.6-8.7-150.3-10.1-254,39.1 s-91.7-34.4-149.2,0C115.7,118.3,0,39.8,0,39.8V0h1000v36.5c0,0-28.2-18.5-92.1-18.5C810.2,18.1,775.7,67.3,734,67.3z\"\/>\n\t<path class=\"elementor-shape-fill\" d=\"M766.1,28.9c-200-57.5-266,65.5-395.1,19.5C242,1.8,242,5.4,184.8,20.6C128,35.8,132.3,44.9,89.9,52.5C28.6,63.7,0,0,0,0 h1000c0,0-9.9,40.9-83.6,48.1S829.6,47,766.1,28.9z\"\/>\n<\/svg>\t\t<\/div>\n\t\t\t\t<div class=\"elementor-element elementor-element-40c19ba elementor-widget elementor-widget-heading\" data-id=\"40c19ba\" data-element_type=\"widget\" data-e-type=\"widget\" data-widget_type=\"heading.default\">\n\t\t\t\t<div class=\"elementor-widget-container\">\n\t\t\t\t\t<h1 class=\"elementor-heading-title elementor-size-default\">Teekond kehasse \u2013 j\u00e4tkuseanss<\/h1>\t\t\t\t<\/div>\n\t\t\t\t<\/div>\n\t\t\t\t\t<\/div>\n\t\t\t\t<\/div>\n\t\t<div class=\"elementor-element elementor-element-ca9828f e-flex e-con-boxed e-con e-parent\" data-id=\"ca9828f\" data-element_type=\"container\" data-e-type=\"container\">\n\t\t\t\t\t<div class=\"e-con-inner\">\n\t\t<div class=\"elementor-element elementor-element-b2e004d e-con-full e-flex e-con e-child\" data-id=\"b2e004d\" data-element_type=\"container\" data-e-type=\"container\">\n\t\t\t\t<div class=\"elementor-element elementor-element-c3887bd elementor-widget elementor-widget-image\" data-id=\"c3887bd\" data-element_type=\"widget\" data-e-type=\"widget\" data-widget_type=\"image.default\">\n\t\t\t\t<div class=\"elementor-widget-container\">\n\t\t\t\t\t\t\t\t\t\t\t\t\t\t\t<img fetchpriority=\"high\" decoding=\"async\" width=\"1024\" height=\"683\" src=\"https:\/\/tubliteraapia.com\/wp-content\/uploads\/2025\/04\/Kehateraapia-1024x683.jpg\" class=\"attachment-large size-large wp-image-2940\" alt=\"Jaana Tubli kehateraapia seanss\" srcset=\"https:\/\/tubliteraapia.com\/wp-content\/uploads\/2025\/04\/Kehateraapia-1024x683.jpg 1024w, https:\/\/tubliteraapia.com\/wp-content\/uploads\/2025\/04\/Kehateraapia-300x200.jpg 300w, https:\/\/tubliteraapia.com\/wp-content\/uploads\/2025\/04\/Kehateraapia-768x512.jpg 768w, https:\/\/tubliteraapia.com\/wp-content\/uploads\/2025\/04\/Kehateraapia-18x12.jpg 18w, https:\/\/tubliteraapia.com\/wp-content\/uploads\/2025\/04\/Kehateraapia.jpg 1500w\" sizes=\"(max-width: 1024px) 100vw, 1024px\" \/>\t\t\t\t\t\t\t\t\t\t\t\t\t\t\t<\/div>\n\t\t\t\t<\/div>\n\t\t\t\t<\/div>\n\t\t<div class=\"elementor-element elementor-element-d657e47 e-con-full e-flex e-con e-child\" data-id=\"d657e47\" data-element_type=\"container\" data-e-type=\"container\">\n\t\t\t\t<div class=\"elementor-element elementor-element-e4382ed elementor-widget elementor-widget-heading\" data-id=\"e4382ed\" data-element_type=\"widget\" data-e-type=\"widget\" data-widget_type=\"heading.default\">\n\t\t\t\t<div class=\"elementor-widget-container\">\n\t\t\t\t\t<h2 class=\"elementor-heading-title elementor-size-default\">Teekond kehasse \u2013 j\u00e4tkuseanss<\/h2>\t\t\t\t<\/div>\n\t\t\t\t<\/div>\n\t\t\t\t<div class=\"elementor-element elementor-element-5d3166d elementor-icon-list--layout-traditional elementor-list-item-link-full_width elementor-widget elementor-widget-icon-list\" data-id=\"5d3166d\" data-element_type=\"widget\" data-e-type=\"widget\" data-widget_type=\"icon-list.default\">\n\t\t\t\t<div class=\"elementor-widget-container\">\n\t\t\t\t\t\t\t<ul class=\"elementor-icon-list-items\">\n\t\t\t\t\t\t\t<li class=\"elementor-icon-list-item\">\n\t\t\t\t\t\t\t\t\t\t\t<span class=\"elementor-icon-list-icon\">\n\t\t\t\t\t\t\t<i aria-hidden=\"true\" class=\"fas fa-euro-sign\"><\/i>\t\t\t\t\t\t<\/span>\n\t\t\t\t\t\t\t\t\t\t<span class=\"elementor-icon-list-text\">Hind: 80\u20ac<\/span>\n\t\t\t\t\t\t\t\t\t<\/li>\n\t\t\t\t\t\t\t\t<li class=\"elementor-icon-list-item\">\n\t\t\t\t\t\t\t\t\t\t\t<span class=\"elementor-icon-list-icon\">\n\t\t\t\t\t\t\t<i aria-hidden=\"true\" class=\"fas fa-clock\"><\/i>\t\t\t\t\t\t<\/span>\n\t\t\t\t\t\t\t\t\t\t<span class=\"elementor-icon-list-text\">Kestvus: 1h<\/span>\n\t\t\t\t\t\t\t\t\t<\/li>\n\t\t\t\t\t\t<\/ul>\n\t\t\t\t\t\t<\/div>\n\t\t\t\t<\/div>\n\t\t\t\t<div class=\"elementor-element elementor-element-7143598 elementor-widget elementor-widget-text-editor\" data-id=\"7143598\" data-element_type=\"widget\" data-e-type=\"widget\" data-widget_type=\"text-editor.default\">\n\t\t\t\t<div class=\"elementor-widget-container\">\n\t\t\t\t\t\t\t\t\t<p>Ruum, kuhu saad tulla tagasi, et toetada keha, s\u00fcvendada kohalolu ja j\u00e4tkata juba alanud protsessi.<\/p>\t\t\t\t\t\t\t\t<\/div>\n\t\t\t\t<\/div>\n\t\t\t\t<div class=\"elementor-element elementor-element-ebcbf8a elementor-mobile-align-center elementor-widget elementor-widget-button\" data-id=\"ebcbf8a\" data-element_type=\"widget\" data-e-type=\"widget\" data-widget_type=\"button.default\">\n\t\t\t\t<div class=\"elementor-widget-container\">\n\t\t\t\t\t\t\t\t\t<div class=\"elementor-button-wrapper\">\n\t\t\t\t\t<a class=\"elementor-button elementor-button-link elementor-size-sm\" href=\"https:\/\/tubliteraapia.com\/kontakt\/\">\n\t\t\t\t\t\t<span class=\"elementor-button-content-wrapper\">\n\t\t\t\t\t\t\t\t\t<span class=\"elementor-button-text\">Broneeri aeg<\/span>\n\t\t\t\t\t<\/span>\n\t\t\t\t\t<\/a>\n\t\t\t\t<\/div>\n\t\t\t\t\t\t\t\t<\/div>\n\t\t\t\t<\/div>\n\t\t\t\t<\/div>\n\t\t\t\t\t<\/div>\n\t\t\t\t<\/div>\n\t\t<div class=\"elementor-element elementor-element-b59391c e-flex e-con-boxed e-con e-parent\" data-id=\"b59391c\" data-element_type=\"container\" data-e-type=\"container\">\n\t\t\t\t\t<div class=\"e-con-inner\">\n\t\t\t\t<div class=\"elementor-element elementor-element-0474fdf elementor-widget elementor-widget-text-editor\" data-id=\"0474fdf\" data-element_type=\"widget\" data-e-type=\"widget\" data-widget_type=\"text-editor.default\">\n\t\t\t\t<div class=\"elementor-widget-container\">\n\t\t\t\t\t\t\t\t\t<p>J\u00e4tkuseanss on loodud neile, kes on juba kogenud &#8220;Teekonda kehasse ja alateadvusesse&#8221; ning soovivad tulla uuesti, et hoida sidet oma kehaga, toetada j\u00e4rjepidevust ja s\u00fcveneda kehalisse tunnetusse.<\/p><p>Seanss on \u00fcles ehitatud nii, et liigume kiiremini kehat\u00f6\u00f6sse. V\u00e4hem vestlust, rohkem vaikust ja t\u00e4helepanu kehal \u2013 selle struktuurile, pingetele ja sisemisele r\u00fctmile. Kasutan pehmeid osteopaatilisi ja l\u00f5dvestavaid manuaalseid tehnikaid, mis aitavad kehal l\u00f5dvestuda, tasakaalustuda ja paremini joonduda.<\/p><p>Fookuses on juba varem k\u00e4ivitatud protsessi toetamine \u2013 avastamata uusi teemasid, kui keha seda ei soovi. See sobib h\u00e4sti olukorras, kus on vaja lihtsalt aega kehas olemiseks ja sellele, mis on eelmistest kohtumistest veel liikumises.<\/p><p>Soovi korral annan kaasa ka lihtsaid liikumissoovitusi v\u00f5i harjutusi, mida saad kasutada iseseisvalt, et toetada keha vahepealsel ajal ja tugevdada juba toimunud muutusi.<\/p>\t\t\t\t\t\t\t\t<\/div>\n\t\t\t\t<\/div>\n\t\t\t\t\t<\/div>\n\t\t\t\t<\/div>\n\t\t<div class=\"elementor-element elementor-element-a74cc55 e-flex e-con-boxed e-con e-parent\" data-id=\"a74cc55\" data-element_type=\"container\" data-e-type=\"container\">\n\t\t\t\t\t<div class=\"e-con-inner\">\n\t\t\t\t<div class=\"elementor-element elementor-element-9be4286 elementor-widget elementor-widget-heading\" data-id=\"9be4286\" data-element_type=\"widget\" data-e-type=\"widget\" data-widget_type=\"heading.default\">\n\t\t\t\t<div class=\"elementor-widget-container\">\n\t\t\t\t\t<h2 class=\"elementor-heading-title elementor-size-default\">See seanss sobib, kui:<\/h2>\t\t\t\t<\/div>\n\t\t\t\t<\/div>\n\t\t\t\t<div class=\"elementor-element elementor-element-badb210 elementor-widget elementor-widget-text-editor\" data-id=\"badb210\" data-element_type=\"widget\" data-e-type=\"widget\" data-widget_type=\"text-editor.default\">\n\t\t\t\t<div class=\"elementor-widget-container\">\n\t\t\t\t\t\t\t\t\t<ul><li>soovid hoida kontakti kehaga ja s\u00fcvendada olemasolevat \u00fchendust,<\/li><li>vajad rahulikku aega taastumiseks v\u00f5i stabiliseerumiseks,<\/li><li>tunned, et eelneva seansi m\u00f5ju v\u00f5iks olla veelgi s\u00fcgavamalt integreeritud.<\/li><\/ul><p>L\u00e4henemine on individuaalne ja kehale vastav \u2013 liigume sinu r\u00fctmis, sinu vajadusi j\u00e4rgides.<\/p>\t\t\t\t\t\t\t\t<\/div>\n\t\t\t\t<\/div>\n\t\t\t\t<div class=\"elementor-element elementor-element-0f6d95e elementor-mobile-align-center elementor-widget elementor-widget-button\" data-id=\"0f6d95e\" data-element_type=\"widget\" data-e-type=\"widget\" data-widget_type=\"button.default\">\n\t\t\t\t<div class=\"elementor-widget-container\">\n\t\t\t\t\t\t\t\t\t<div class=\"elementor-button-wrapper\">\n\t\t\t\t\t<a class=\"elementor-button elementor-button-link elementor-size-sm\" href=\"https:\/\/tubliteraapia.com\/kontakt\/\">\n\t\t\t\t\t\t<span class=\"elementor-button-content-wrapper\">\n\t\t\t\t\t\t\t\t\t<span class=\"elementor-button-text\">Broneeri aeg<\/span>\n\t\t\t\t\t<\/span>\n\t\t\t\t\t<\/a>\n\t\t\t\t<\/div>\n\t\t\t\t\t\t\t\t<\/div>\n\t\t\t\t<\/div>\n\t\t\t\t\t<\/div>\n\t\t\t\t<\/div>\n\t\t<div class=\"elementor-element elementor-element-2cba3df e-flex e-con-boxed e-con e-parent\" data-id=\"2cba3df\" data-element_type=\"container\" data-e-type=\"container\">\n\t\t\t\t\t<div class=\"e-con-inner\">\n\t\t\t\t<div class=\"elementor-element elementor-element-9aed3bd elementor-widget elementor-widget-heading\" data-id=\"9aed3bd\" data-element_type=\"widget\" data-e-type=\"widget\" data-widget_type=\"heading.default\">\n\t\t\t\t<div class=\"elementor-widget-container\">\n\t\t\t\t\t<h3 class=\"elementor-heading-title elementor-size-default\">K\u00fcsimuste korral v\u00f5ta \u00fchendust!<\/h3>\t\t\t\t<\/div>\n\t\t\t\t<\/div>\n\t\t\t\t<div class=\"elementor-element elementor-element-d3792dd elementor-align-center elementor-widget elementor-widget-button\" data-id=\"d3792dd\" data-element_type=\"widget\" data-e-type=\"widget\" data-widget_type=\"button.default\">\n\t\t\t\t<div class=\"elementor-widget-container\">\n\t\t\t\t\t\t\t\t\t<div class=\"elementor-button-wrapper\">\n\t\t\t\t\t<a class=\"elementor-button elementor-button-link elementor-size-sm\" href=\"https:\/\/tubliteraapia.com\/kontakt\/\">\n\t\t\t\t\t\t<span class=\"elementor-button-content-wrapper\">\n\t\t\t\t\t\t\t\t\t<span class=\"elementor-button-text\">V\u00f5ta \u00fchendust<\/span>\n\t\t\t\t\t<\/span>\n\t\t\t\t\t<\/a>\n\t\t\t\t<\/div>\n\t\t\t\t\t\t\t\t<\/div>\n\t\t\t\t<\/div>\n\t\t\t\t\t<\/div>\n\t\t\t\t<\/div>\n\t\t<div class=\"elementor-element elementor-element-b15821b e-flex e-con-boxed e-con e-parent\" data-id=\"b15821b\" data-element_type=\"container\" data-e-type=\"container\">\n\t\t\t\t\t<div class=\"e-con-inner\">\n\t\t\t\t<div class=\"elementor-element elementor-element-c88bcc7 elementor-widget elementor-widget-text-editor\" data-id=\"c88bcc7\" data-element_type=\"widget\" data-e-type=\"widget\" data-widget_type=\"text-editor.default\">\n\t\t\t\t<div class=\"elementor-widget-container\">\n\t\t\t\t\t\t\t\t\t<p><strong>NB!<\/strong> Kohtumise t\u00fchistamine kuni 48 tundi enne seanssi on tasuta. Hilisemal t\u00fchistamisel &#8211; kuni 24 tundi &#8211; tuleb tasuda 50% teenuse hinnast. Kohtumise t\u00fchistamisel v\u00e4hem kui 24 tundi enne seanssi v\u00f5i kohtumisele mitte ilmumisel tuleb tasuda 100% teenuse hinnast.<\/p>\t\t\t\t\t\t\t\t<\/div>\n\t\t\t\t<\/div>\n\t\t\t\t\t<\/div>\n\t\t\t\t<\/div>\n\t\t<div class=\"elementor-element elementor-element-e13cece e-flex e-con-boxed e-con e-parent\" data-id=\"e13cece\" data-element_type=\"container\" data-e-type=\"container\">\n\t\t\t\t\t<div class=\"e-con-inner\">\n\t\t\t\t<div class=\"elementor-element elementor-element-32f00d5 elementor-widget elementor-widget-spacer\" data-id=\"32f00d5\" data-element_type=\"widget\" data-e-type=\"widget\" data-widget_type=\"spacer.default\">\n\t\t\t\t<div class=\"elementor-widget-container\">\n\t\t\t\t\t\t\t<div class=\"elementor-spacer\">\n\t\t\t<div class=\"elementor-spacer-inner\"><\/div>\n\t\t<\/div>\n\t\t\t\t\t\t<\/div>\n\t\t\t\t<\/div>\n\t\t\t\t\t<\/div>\n\t\t\t\t<\/div>\n\t\t<div class=\"elementor-element elementor-element-46d86c9 e-flex e-con-boxed e-con e-parent\" data-id=\"46d86c9\" data-element_type=\"container\" data-e-type=\"container\" data-settings=\"{&quot;shape_divider_bottom&quot;:&quot;mountains&quot;}\">\n\t\t\t\t\t<div class=\"e-con-inner\">\n\t\t\t\t<div class=\"elementor-shape elementor-shape-bottom\" aria-hidden=\"true\" data-negative=\"false\">\n\t\t\t<svg xmlns=\"http:\/\/www.w3.org\/2000\/svg\" viewBox=\"0 0 1000 100\" preserveAspectRatio=\"none\">\n\t<path class=\"elementor-shape-fill\" opacity=\"0.33\" d=\"M473,67.3c-203.9,88.3-263.1-34-320.3,0C66,119.1,0,59.7,0,59.7V0h1000v59.7 c0,0-62.1,26.1-94.9,29.3c-32.8,3.3-62.8-12.3-75.8-22.1C806,49.6,745.3,8.7,694.9,4.7S492.4,59,473,67.3z\"\/>\n\t<path class=\"elementor-shape-fill\" opacity=\"0.66\" d=\"M734,67.3c-45.5,0-77.2-23.2-129.1-39.1c-28.6-8.7-150.3-10.1-254,39.1 s-91.7-34.4-149.2,0C115.7,118.3,0,39.8,0,39.8V0h1000v36.5c0,0-28.2-18.5-92.1-18.5C810.2,18.1,775.7,67.3,734,67.3z\"\/>\n\t<path class=\"elementor-shape-fill\" d=\"M766.1,28.9c-200-57.5-266,65.5-395.1,19.5C242,1.8,242,5.4,184.8,20.6C128,35.8,132.3,44.9,89.9,52.5C28.6,63.7,0,0,0,0 h1000c0,0-9.9,40.9-83.6,48.1S829.6,47,766.1,28.9z\"\/>\n<\/svg>\t\t<\/div>\n\t\t\t\t\t<\/div>\n\t\t\t\t<\/div>\n\t\t\t\t<\/div>\n\t\t","protected":false},"excerpt":{"rendered":"<p>Teekond kehasse \u2013 j\u00e4tkuseanss Teekond kehasse \u2013 j\u00e4tkuseanss Hind: 80\u20ac Kestvus: 1h Ruum, kuhu saad tulla tagasi, et toetada keha, s\u00fcvendada kohalolu ja j\u00e4tkata juba alanud protsessi. Broneeri aeg J\u00e4tkuseanss on loodud neile, kes on juba kogenud &#8220;Teekonda kehasse ja alateadvusesse&#8221; ning soovivad tulla uuesti, et hoida sidet oma kehaga, toetada j\u00e4rjepidevust ja s\u00fcveneda kehalisse [&hellip;]<\/p>\n","protected":false},"author":1,"featured_media":2940,"parent":0,"menu_order":0,"comment_status":"closed","ping_status":"closed","template":"","meta":{"site-sidebar-layout":"no-sidebar","site-content-layout":"page-builder","ast-site-content-layout":"full-width-container","site-content-style":"unboxed","site-sidebar-style":"unboxed","ast-global-header-display":"","ast-banner-title-visibility":"","ast-main-header-display":"","ast-hfb-above-header-display":"","ast-hfb-below-header-display":"","ast-hfb-mobile-header-display":"","site-post-title":"disabled","ast-breadcrumbs-content":"","ast-featured-img":"disabled","footer-sml-layout":"","ast-disable-related-posts":"","theme-transparent-header-meta":"default","adv-header-id-meta":"","stick-header-meta":"","header-above-stick-meta":"","header-main-stick-meta":"","header-below-stick-meta":"","astra-migrate-meta-layouts":"set","ast-page-background-enabled":"default","ast-page-background-meta":{"desktop":{"background-color":"","background-image":"","background-repeat":"repeat","background-position":"center center","background-size":"auto","background-attachment":"scroll","background-type":"","background-media":"","overlay-type":"","overlay-color":"","overlay-opacity":"","overlay-gradient":""},"tablet":{"background-color":"","background-image":"","background-repeat":"repeat","background-position":"center center","background-size":"auto","background-attachment":"scroll","background-type":"","background-media":"","overlay-type":"","overlay-color":"","overlay-opacity":"","overlay-gradient":""},"mobile":{"background-color":"","background-image":"","background-repeat":"repeat","background-position":"center center","background-size":"auto","background-attachment":"scroll","background-type":"","background-media":"","overlay-type":"","overlay-color":"","overlay-opacity":"","overlay-gradient":""}},"ast-content-background-meta":{"desktop":{"background-color":"var(--ast-global-color-5)","background-image":"","background-repeat":"repeat","background-position":"center center","background-size":"auto","background-attachment":"scroll","background-type":"","background-media":"","overlay-type":"","overlay-color":"","overlay-opacity":"","overlay-gradient":""},"tablet":{"background-color":"var(--ast-global-color-5)","background-image":"","background-repeat":"repeat","background-position":"center center","background-size":"auto","background-attachment":"scroll","background-type":"","background-media":"","overlay-type":"","overlay-color":"","overlay-opacity":"","overlay-gradient":""},"mobile":{"background-color":"var(--ast-global-color-5)","background-image":"","background-repeat":"repeat","background-position":"center center","background-size":"auto","background-attachment":"scroll","background-type":"","background-media":"","overlay-type":"","overlay-color":"","overlay-opacity":"","overlay-gradient":""}},"footnotes":""},"class_list":["post-2934","page","type-page","status-publish","has-post-thumbnail","hentry"],"yoast_head":"<!-- This site is optimized with the Yoast SEO plugin v27.5 - https:\/\/yoast.com\/product\/yoast-seo-wordpress\/ -->\n<title>Teekond kehasse \u2013 j\u00e4tkuseanss | Jaana Tubli<\/title>\n<meta name=\"description\" content=\"J\u00e4tkuseanss on loodud neile, kes on juba kogenud kehateraapiat \u201cTeekonda kehasse ja alateadvusesse\u201d ning soovivad tulla uuesti.\" \/>\n<meta name=\"robots\" content=\"index, follow, max-snippet:-1, max-image-preview:large, max-video-preview:-1\" \/>\n<link rel=\"canonical\" href=\"https:\/\/tubliteraapia.com\/est\/teekond-kehasse-jatkuseanss\/\" \/>\n<meta property=\"og:locale\" content=\"et_EE\" \/>\n<meta property=\"og:type\" content=\"article\" \/>\n<meta property=\"og:title\" content=\"Teekond kehasse \u2013 j\u00e4tkuseanss | Jaana Tubli\" \/>\n<meta property=\"og:description\" content=\"J\u00e4tkuseanss on loodud neile, kes on juba kogenud kehateraapiat \u201cTeekonda kehasse ja alateadvusesse\u201d ning soovivad tulla uuesti.\" \/>\n<meta property=\"og:url\" content=\"https:\/\/tubliteraapia.com\/est\/teekond-kehasse-jatkuseanss\/\" \/>\n<meta property=\"og:site_name\" content=\"Jaana Tubli\" \/>\n<meta property=\"article:modified_time\" content=\"2026-04-29T19:17:57+00:00\" \/>\n<meta property=\"og:image\" content=\"https:\/\/tubliteraapia.com\/wp-content\/uploads\/2025\/04\/Kehateraapia.jpg\" \/>\n\t<meta property=\"og:image:width\" content=\"1500\" \/>\n\t<meta property=\"og:image:height\" content=\"1000\" \/>\n\t<meta property=\"og:image:type\" content=\"image\/jpeg\" \/>\n<meta name=\"twitter:card\" content=\"summary_large_image\" \/>\n<meta name=\"twitter:label1\" content=\"Est. reading time\" \/>\n\t<meta name=\"twitter:data1\" content=\"2 minutit\" \/>\n<script type=\"application\/ld+json\" class=\"yoast-schema-graph\">{\"@context\":\"https:\\\/\\\/schema.org\",\"@graph\":[{\"@type\":\"WebPage\",\"@id\":\"https:\\\/\\\/tubliteraapia.com\\\/est\\\/teekond-kehasse-jatkuseanss\\\/\",\"url\":\"https:\\\/\\\/tubliteraapia.com\\\/est\\\/teekond-kehasse-jatkuseanss\\\/\",\"name\":\"Teekond kehasse \u2013 j\u00e4tkuseanss | Jaana Tubli\",\"isPartOf\":{\"@id\":\"https:\\\/\\\/tubliteraapia.com\\\/#website\"},\"primaryImageOfPage\":{\"@id\":\"https:\\\/\\\/tubliteraapia.com\\\/est\\\/teekond-kehasse-jatkuseanss\\\/#primaryimage\"},\"image\":{\"@id\":\"https:\\\/\\\/tubliteraapia.com\\\/est\\\/teekond-kehasse-jatkuseanss\\\/#primaryimage\"},\"thumbnailUrl\":\"https:\\\/\\\/tubliteraapia.com\\\/wp-content\\\/uploads\\\/2025\\\/04\\\/Kehateraapia.jpg\",\"datePublished\":\"2025-04-21T09:13:24+00:00\",\"dateModified\":\"2026-04-29T19:17:57+00:00\",\"description\":\"J\u00e4tkuseanss on loodud neile, kes on juba kogenud kehateraapiat \u201cTeekonda kehasse ja alateadvusesse\u201d ning soovivad tulla uuesti.\",\"breadcrumb\":{\"@id\":\"https:\\\/\\\/tubliteraapia.com\\\/est\\\/teekond-kehasse-jatkuseanss\\\/#breadcrumb\"},\"inLanguage\":\"et\",\"potentialAction\":[{\"@type\":\"ReadAction\",\"target\":[\"https:\\\/\\\/tubliteraapia.com\\\/est\\\/teekond-kehasse-jatkuseanss\\\/\"]}]},{\"@type\":\"ImageObject\",\"inLanguage\":\"et\",\"@id\":\"https:\\\/\\\/tubliteraapia.com\\\/est\\\/teekond-kehasse-jatkuseanss\\\/#primaryimage\",\"url\":\"https:\\\/\\\/tubliteraapia.com\\\/wp-content\\\/uploads\\\/2025\\\/04\\\/Kehateraapia.jpg\",\"contentUrl\":\"https:\\\/\\\/tubliteraapia.com\\\/wp-content\\\/uploads\\\/2025\\\/04\\\/Kehateraapia.jpg\",\"width\":1500,\"height\":1000,\"caption\":\"Jaana Tubli kehateraapia seanss\"},{\"@type\":\"BreadcrumbList\",\"@id\":\"https:\\\/\\\/tubliteraapia.com\\\/est\\\/teekond-kehasse-jatkuseanss\\\/#breadcrumb\",\"itemListElement\":[{\"@type\":\"ListItem\",\"position\":1,\"name\":\"Home\",\"item\":\"https:\\\/\\\/tubliteraapia.com\\\/est\\\/\"},{\"@type\":\"ListItem\",\"position\":2,\"name\":\"Teekond kehasse \u2013 j\u00e4tkuseanss\"}]},{\"@type\":\"WebSite\",\"@id\":\"https:\\\/\\\/tubliteraapia.com\\\/#website\",\"url\":\"https:\\\/\\\/tubliteraapia.com\\\/\",\"name\":\"Jaana Tubli\",\"description\":\"Transpersonaalne kehateraapia ja osteopaatia\",\"potentialAction\":[{\"@type\":\"SearchAction\",\"target\":{\"@type\":\"EntryPoint\",\"urlTemplate\":\"https:\\\/\\\/tubliteraapia.com\\\/?s={search_term_string}\"},\"query-input\":{\"@type\":\"PropertyValueSpecification\",\"valueRequired\":true,\"valueName\":\"search_term_string\"}}],\"inLanguage\":\"et\"}]}<\/script>\n<!-- \/ Yoast SEO plugin. -->","yoast_head_json":{"title":"Teekond kehasse \u2013 j\u00e4tkuseanss | Jaana Tubli","description":"J\u00e4tkuseanss on loodud neile, kes on juba kogenud kehateraapiat \u201cTeekonda kehasse ja alateadvusesse\u201d ning soovivad tulla uuesti.","robots":{"index":"index","follow":"follow","max-snippet":"max-snippet:-1","max-image-preview":"max-image-preview:large","max-video-preview":"max-video-preview:-1"},"canonical":"https:\/\/tubliteraapia.com\/est\/teekond-kehasse-jatkuseanss\/","og_locale":"et_EE","og_type":"article","og_title":"Teekond kehasse \u2013 j\u00e4tkuseanss | Jaana Tubli","og_description":"J\u00e4tkuseanss on loodud neile, kes on juba kogenud kehateraapiat \u201cTeekonda kehasse ja alateadvusesse\u201d ning soovivad tulla uuesti.","og_url":"https:\/\/tubliteraapia.com\/est\/teekond-kehasse-jatkuseanss\/","og_site_name":"Jaana Tubli","article_modified_time":"2026-04-29T19:17:57+00:00","og_image":[{"width":1500,"height":1000,"url":"https:\/\/tubliteraapia.com\/wp-content\/uploads\/2025\/04\/Kehateraapia.jpg","type":"image\/jpeg"}],"twitter_card":"summary_large_image","twitter_misc":{"Est. reading time":"2 minutit"},"schema":{"@context":"https:\/\/schema.org","@graph":[{"@type":"WebPage","@id":"https:\/\/tubliteraapia.com\/est\/teekond-kehasse-jatkuseanss\/","url":"https:\/\/tubliteraapia.com\/est\/teekond-kehasse-jatkuseanss\/","name":"Teekond kehasse \u2013 j\u00e4tkuseanss | Jaana Tubli","isPartOf":{"@id":"https:\/\/tubliteraapia.com\/#website"},"primaryImageOfPage":{"@id":"https:\/\/tubliteraapia.com\/est\/teekond-kehasse-jatkuseanss\/#primaryimage"},"image":{"@id":"https:\/\/tubliteraapia.com\/est\/teekond-kehasse-jatkuseanss\/#primaryimage"},"thumbnailUrl":"https:\/\/tubliteraapia.com\/wp-content\/uploads\/2025\/04\/Kehateraapia.jpg","datePublished":"2025-04-21T09:13:24+00:00","dateModified":"2026-04-29T19:17:57+00:00","description":"J\u00e4tkuseanss on loodud neile, kes on juba kogenud kehateraapiat \u201cTeekonda kehasse ja alateadvusesse\u201d ning soovivad tulla uuesti.","breadcrumb":{"@id":"https:\/\/tubliteraapia.com\/est\/teekond-kehasse-jatkuseanss\/#breadcrumb"},"inLanguage":"et","potentialAction":[{"@type":"ReadAction","target":["https:\/\/tubliteraapia.com\/est\/teekond-kehasse-jatkuseanss\/"]}]},{"@type":"ImageObject","inLanguage":"et","@id":"https:\/\/tubliteraapia.com\/est\/teekond-kehasse-jatkuseanss\/#primaryimage","url":"https:\/\/tubliteraapia.com\/wp-content\/uploads\/2025\/04\/Kehateraapia.jpg","contentUrl":"https:\/\/tubliteraapia.com\/wp-content\/uploads\/2025\/04\/Kehateraapia.jpg","width":1500,"height":1000,"caption":"Jaana Tubli kehateraapia seanss"},{"@type":"BreadcrumbList","@id":"https:\/\/tubliteraapia.com\/est\/teekond-kehasse-jatkuseanss\/#breadcrumb","itemListElement":[{"@type":"ListItem","position":1,"name":"Home","item":"https:\/\/tubliteraapia.com\/est\/"},{"@type":"ListItem","position":2,"name":"Teekond kehasse \u2013 j\u00e4tkuseanss"}]},{"@type":"WebSite","@id":"https:\/\/tubliteraapia.com\/#website","url":"https:\/\/tubliteraapia.com\/","name":"Jaana Tubli","description":"Transpersonaalne kehateraapia ja osteopaatia","potentialAction":[{"@type":"SearchAction","target":{"@type":"EntryPoint","urlTemplate":"https:\/\/tubliteraapia.com\/?s={search_term_string}"},"query-input":{"@type":"PropertyValueSpecification","valueRequired":true,"valueName":"search_term_string"}}],"inLanguage":"et"}]}},"_links":{"self":[{"href":"https:\/\/tubliteraapia.com\/est\/wp-json\/wp\/v2\/pages\/2934","targetHints":{"allow":["GET"]}}],"collection":[{"href":"https:\/\/tubliteraapia.com\/est\/wp-json\/wp\/v2\/pages"}],"about":[{"href":"https:\/\/tubliteraapia.com\/est\/wp-json\/wp\/v2\/types\/page"}],"author":[{"embeddable":true,"href":"https:\/\/tubliteraapia.com\/est\/wp-json\/wp\/v2\/users\/1"}],"replies":[{"embeddable":true,"href":"https:\/\/tubliteraapia.com\/est\/wp-json\/wp\/v2\/comments?post=2934"}],"version-history":[{"count":28,"href":"https:\/\/tubliteraapia.com\/est\/wp-json\/wp\/v2\/pages\/2934\/revisions"}],"predecessor-version":[{"id":3283,"href":"https:\/\/tubliteraapia.com\/est\/wp-json\/wp\/v2\/pages\/2934\/revisions\/3283"}],"wp:featuredmedia":[{"embeddable":true,"href":"https:\/\/tubliteraapia.com\/est\/wp-json\/wp\/v2\/media\/2940"}],"wp:attachment":[{"href":"https:\/\/tubliteraapia.com\/est\/wp-json\/wp\/v2\/media?parent=2934"}],"curies":[{"name":"wp","href":"https:\/\/api.w.org\/{rel}","templated":true}]}}